{"id":594,"date":"2021-05-19T14:59:21","date_gmt":"2021-05-19T14:59:21","guid":{"rendered":"http:\/\/sagopha.com\/trang-chu\/"},"modified":"2025-11-02T11:16:37","modified_gmt":"2025-11-02T04:16:37","slug":"trang-chu","status":"publish","type":"page","link":"http:\/\/sagopha.com\/en\/","title":{"rendered":"Home"},"content":{"rendered":"","protected":false},"excerpt":{"rendered":"","protected":false},"author":1,"featured_media":478,"parent":0,"menu_order":0,"comment_status":"closed","ping_status":"closed","template":"page-template\/home-template.php","meta":[],"yoast_head":"<!-- This site is optimized with the Yoast SEO plugin v16.3 - https:\/\/yoast.com\/wordpress\/plugins\/seo\/ -->\n<title>Home - Saigon Pharmaceutical Company Ltd. (SAGOPHA)<\/title>\n<meta name=\"description\" content=\"Tr\u1ee5 s\u1edf ch\u00ednh: 496\/88 D\u01b0\u01a1ng Qu\u1ea3ng H\u00e0m, ph\u01b0\u1eddng 6, qu\u1eadn G\u00f2 V\u1ea5p, Tp. HCM (S\u0110T: 028 3984 1460)Nh\u00e0 m\u00e1y 1: t\u1ea1i s\u1ed1 27, \u0111\u01b0\u1eddng s\u1ed1 6\" \/>\n<meta name=\"robots\" content=\"index, follow, max-snippet:-1, max-image-preview:large, max-video-preview:-1\" \/>\n<link rel=\"canonical\" href=\"https:\/\/sagopha.com\/en\/\" \/>\n<meta property=\"og:locale\" content=\"en_US\" \/>\n<meta property=\"og:type\" content=\"article\" \/>\n<meta property=\"og:title\" content=\"C\u00f4ng ty TNHH D\u01b0\u1ee3c Ph\u1ea9m S\u00e0i G\u00f2n (SAGOPHA)\" \/>\n<meta property=\"og:description\" content=\"C\u00f9ng v\u1edbi s\u1ef1 ti\u1ebfn b\u1ed9 c\u1ee7a c\u00f4ng ngh\u1ec7, khoa h\u1ecdc k\u1ef9 thu\u1eadt trong l\u0129nh v\u1ef1c D\u01b0\u1ee3c ph\u1ea9m, nhu c\u1ea7u v\u1ec1 s\u1ea3n ph\u1ea9m ch\u0103m s\u00f3c s\u1ee9c kh\u1ecfe c\u00f3 ngu\u1ed3n g\u1ed1c t\u1eeb t\u1ef1 nhi\u00ean tr\u1edf th\u00e0nh xu h\u01b0\u1edbng chung c\u1ee7a nhi\u1ec1u qu\u1ed1c gia tr\u00ean th\u1ebf gi\u1edbi.\" \/>\n<meta property=\"og:url\" content=\"https:\/\/sagopha.com\/en\/\" \/>\n<meta property=\"og:site_name\" content=\"Saigon Pharmaceutical Company Ltd. (SAGOPHA)\" \/>\n<meta property=\"article:modified_time\" content=\"2025-11-02T04:16:37+00:00\" \/>\n<meta property=\"og:image\" content=\"http:\/\/sagopha.com\/wp-content\/uploads\/2021\/05\/img-product-detail.png\" \/>\n\t<meta property=\"og:image:width\" content=\"612\" \/>\n\t<meta property=\"og:image:height\" content=\"354\" \/>\n<meta name=\"twitter:card\" content=\"summary_large_image\" \/>\n<meta name=\"twitter:title\" content=\"C\u00f4ng ty TNHH D\u01b0\u1ee3c Ph\u1ea9m S\u00e0i G\u00f2n (SAGOPHA)\" \/>\n<meta name=\"twitter:description\" content=\"C\u00f9ng v\u1edbi s\u1ef1 ti\u1ebfn b\u1ed9 c\u1ee7a c\u00f4ng ngh\u1ec7, khoa h\u1ecdc k\u1ef9 thu\u1eadt trong l\u0129nh v\u1ef1c D\u01b0\u1ee3c ph\u1ea9m, nhu c\u1ea7u v\u1ec1 s\u1ea3n ph\u1ea9m ch\u0103m s\u00f3c s\u1ee9c kh\u1ecfe c\u00f3 ngu\u1ed3n g\u1ed1c t\u1eeb t\u1ef1 nhi\u00ean tr\u1edf th\u00e0nh xu h\u01b0\u1edbng chung c\u1ee7a nhi\u1ec1u qu\u1ed1c gia tr\u00ean th\u1ebf gi\u1edbi.\" \/>\n<script type=\"application\/ld+json\" class=\"yoast-schema-graph\">{\"@context\":\"https:\/\/schema.org\",\"@graph\":[{\"@type\":\"Organization\",\"@id\":\"https:\/\/sagopha.com\/#organization\",\"name\":\"Saigon Pharmaceutical Company Ltd. (SAGOPHA)\",\"url\":\"https:\/\/sagopha.com\/\",\"sameAs\":[],\"logo\":{\"@type\":\"ImageObject\",\"@id\":\"https:\/\/sagopha.com\/#logo\",\"inLanguage\":\"en\",\"url\":\"http:\/\/sagopha.com\/wp-content\/uploads\/2023\/10\/Logo-Sagopha_2.png\",\"contentUrl\":\"http:\/\/sagopha.com\/wp-content\/uploads\/2023\/10\/Logo-Sagopha_2.png\",\"width\":1335,\"height\":1171,\"caption\":\"Saigon Pharmaceutical Company Ltd. (SAGOPHA)\"},\"image\":{\"@id\":\"https:\/\/sagopha.com\/#logo\"}},{\"@type\":\"WebSite\",\"@id\":\"https:\/\/sagopha.com\/#website\",\"url\":\"https:\/\/sagopha.com\/\",\"name\":\"Saigon Pharmaceutical Company Ltd. (SAGOPHA)\",\"description\":\"Health. Herbalism. Passion\",\"publisher\":{\"@id\":\"https:\/\/sagopha.com\/#organization\"},\"potentialAction\":[{\"@type\":\"SearchAction\",\"target\":\"https:\/\/sagopha.com\/?s={search_term_string}\",\"query-input\":\"required name=search_term_string\"}],\"inLanguage\":\"en\"},{\"@type\":\"ImageObject\",\"@id\":\"https:\/\/sagopha.com\/en\/#primaryimage\",\"inLanguage\":\"en\",\"url\":\"http:\/\/sagopha.com\/wp-content\/uploads\/2021\/05\/img-product-detail.png\",\"contentUrl\":\"http:\/\/sagopha.com\/wp-content\/uploads\/2021\/05\/img-product-detail.png\",\"width\":612,\"height\":354},{\"@type\":\"WebPage\",\"@id\":\"https:\/\/sagopha.com\/en\/#webpage\",\"url\":\"https:\/\/sagopha.com\/en\/\",\"name\":\"Home - Saigon Pharmaceutical Company Ltd. (SAGOPHA)\",\"isPartOf\":{\"@id\":\"https:\/\/sagopha.com\/#website\"},\"primaryImageOfPage\":{\"@id\":\"https:\/\/sagopha.com\/en\/#primaryimage\"},\"datePublished\":\"2021-05-19T14:59:21+00:00\",\"dateModified\":\"2025-11-02T04:16:37+00:00\",\"description\":\"Tr\\u1ee5 s\\u1edf ch\\u00ednh: 496\/88 D\\u01b0\\u01a1ng Qu\\u1ea3ng H\\u00e0m, ph\\u01b0\\u1eddng 6, qu\\u1eadn G\\u00f2 V\\u1ea5p, Tp. HCM (S\\u0110T: 028 3984 1460)Nh\\u00e0 m\\u00e1y 1: t\\u1ea1i s\\u1ed1 27, \\u0111\\u01b0\\u1eddng s\\u1ed1 6\",\"breadcrumb\":{\"@id\":\"https:\/\/sagopha.com\/en\/#breadcrumb\"},\"inLanguage\":\"en\",\"potentialAction\":[{\"@type\":\"ReadAction\",\"target\":[\"https:\/\/sagopha.com\/en\/\"]}]},{\"@type\":\"BreadcrumbList\",\"@id\":\"https:\/\/sagopha.com\/en\/#breadcrumb\",\"itemListElement\":[{\"@type\":\"ListItem\",\"position\":1,\"item\":{\"@type\":\"WebPage\",\"@id\":\"https:\/\/sagopha.com\/en\/\",\"url\":\"https:\/\/sagopha.com\/en\/\",\"name\":\"Home\"}},{\"@type\":\"ListItem\",\"position\":2,\"item\":{\"@id\":\"https:\/\/sagopha.com\/en\/#webpage\"}}]}]}<\/script>\n<!-- \/ Yoast SEO plugin. -->","_links":{"self":[{"href":"http:\/\/sagopha.com\/en\/wp-json\/wp\/v2\/pages\/594"}],"collection":[{"href":"http:\/\/sagopha.com\/en\/wp-json\/wp\/v2\/pages"}],"about":[{"href":"http:\/\/sagopha.com\/en\/wp-json\/wp\/v2\/types\/page"}],"author":[{"embeddable":true,"href":"http:\/\/sagopha.com\/en\/wp-json\/wp\/v2\/users\/1"}],"replies":[{"embeddable":true,"href":"http:\/\/sagopha.com\/en\/wp-json\/wp\/v2\/comments?post=594"}],"version-history":[{"count":36,"href":"http:\/\/sagopha.com\/en\/wp-json\/wp\/v2\/pages\/594\/revisions"}],"predecessor-version":[{"id":3497,"href":"http:\/\/sagopha.com\/en\/wp-json\/wp\/v2\/pages\/594\/revisions\/3497"}],"wp:featuredmedia":[{"embeddable":true,"href":"http:\/\/sagopha.com\/en\/wp-json\/wp\/v2\/media\/478"}],"wp:attachment":[{"href":"http:\/\/sagopha.com\/en\/wp-json\/wp\/v2\/media?parent=594"}],"curies":[{"name":"wp","href":"https:\/\/api.w.org\/{rel}","templated":true}]}}